{"id":14,"date":"2023-06-28T06:37:50","date_gmt":"2023-06-28T06:37:50","guid":{"rendered":"https:\/\/demo2wpopal.b-cdn.net\/ecofa\/contact-us\/"},"modified":"2025-09-02T12:55:30","modified_gmt":"2025-09-02T10:55:30","slug":"contact-us","status":"publish","type":"page","link":"https:\/\/propreunion.com\/index.php\/contact-us\/","title":{"rendered":"Contact"},"content":{"rendered":"\t\t<div data-elementor-type=\"wp-page\" data-elementor-id=\"14\" class=\"elementor elementor-14\">\n\t\t\t\t<div class=\"elementor-element elementor-element-d320171 e-flex e-con-boxed e-con e-parent\" data-id=\"d320171\" data-element_type=\"container\">\n\t\t\t\t\t<div class=\"e-con-inner\">\n\t\t<div class=\"elementor-element elementor-element-537579a e-con-full e-flex e-con e-child\" data-id=\"537579a\" data-element_type=\"container\">\n\t\t\t\t<div class=\"elementor-element elementor-element-65a491a elementor-widget elementor-widget-image\" data-id=\"65a491a\" data-element_type=\"widget\" data-widget_type=\"image.default\">\n\t\t\t\t<div class=\"elementor-widget-container\">\n\t\t\t\t\t\t\t\t\t\t\t\t\t\t\t<img fetchpriority=\"high\" decoding=\"async\" width=\"2560\" height=\"1707\" src=\"https:\/\/propreunion.com\/wp-content\/uploads\/2023\/07\/contact-us-img-scaled-1.jpg\" class=\"attachment-full size-full wp-image-9194\" alt=\"\" srcset=\"https:\/\/propreunion.com\/wp-content\/uploads\/2023\/07\/contact-us-img-scaled-1.jpg 2560w, https:\/\/propreunion.com\/wp-content\/uploads\/2023\/07\/contact-us-img-scaled-1-300x200.jpg 300w, https:\/\/propreunion.com\/wp-content\/uploads\/2023\/07\/contact-us-img-scaled-1-1024x683.jpg 1024w, https:\/\/propreunion.com\/wp-content\/uploads\/2023\/07\/contact-us-img-scaled-1-768x512.jpg 768w, https:\/\/propreunion.com\/wp-content\/uploads\/2023\/07\/contact-us-img-scaled-1-1536x1024.jpg 1536w, https:\/\/propreunion.com\/wp-content\/uploads\/2023\/07\/contact-us-img-scaled-1-2048x1366.jpg 2048w\" sizes=\"(max-width: 2560px) 100vw, 2560px\" \/>\t\t\t\t\t\t\t\t\t\t\t\t\t\t\t<\/div>\n\t\t\t\t<\/div>\n\t\t\t\t<\/div>\n\t\t<div class=\"elementor-element elementor-element-d3a30ea e-con-full e-flex e-con e-child\" data-id=\"d3a30ea\" data-element_type=\"container\">\n\t\t<div class=\"elementor-element elementor-element-e890a38 e-flex e-con-boxed e-con e-child\" data-id=\"e890a38\" data-element_type=\"container\">\n\t\t\t\t\t<div class=\"e-con-inner\">\n\t\t\t\t<div class=\"elementor-element elementor-element-4147e37 elementor-position-inline-start elementor-view-stacked elementor-mobile-position-inline-start elementor-shape-circle elementor-widget elementor-widget-icon-box\" data-id=\"4147e37\" data-element_type=\"widget\" data-widget_type=\"icon-box.default\">\n\t\t\t\t<div class=\"elementor-widget-container\">\n\t\t\t\t\t\t\t<div class=\"elementor-icon-box-wrapper\">\n\n\t\t\t\t\t\t<div class=\"elementor-icon-box-icon\">\n\t\t\t\t<span  class=\"elementor-icon\">\n\t\t\t\t<svg xmlns=\"http:\/\/www.w3.org\/2000\/svg\" viewBox=\"0 0 24 24\"><g fill=\"none\" class=\"nc-icon-wrapper\"><g clip-path=\"url(#1688378323723-7410193_1688378091792-833392_clip0_504_13838)\"><path d=\"M12 0C7.783 0 4.266 3.397 4.266 7.734c0 1.65.495 3.122 1.447 4.5l5.695 8.887a.703.703 0 0 0 1.184 0l5.72-8.917a7.7 7.7 0 0 0 1.422-4.47C19.734 3.47 16.264 0 12 0zm0 11.25a3.52 3.52 0 0 1-3.516-3.516A3.52 3.52 0 0 1 12 4.22a3.52 3.52 0 0 1 3.516 3.515A3.52 3.52 0 0 1 12 11.25z\" fill=\"currentColor\"><\/path><path d=\"M17.497 16.157l-3.54 5.536c-.917 1.428-3.002 1.424-3.914 0L6.497 16.16c-3.12.721-5.044 2.043-5.044 3.622C1.453 22.52 6.887 24 12 24s10.547-1.479 10.547-4.22c0-1.58-1.926-2.902-5.05-3.623z\" fill=\"currentColor\"><\/path><\/g><defs><clipPath id=\"1688378323723-7410193_1688378091792-833392_clip0_504_13838\"><path fill=\"currentColor\" d=\"M0 0h24v24H0z\"><\/path><\/clipPath><\/defs><\/g><\/svg>\t\t\t\t<\/span>\n\t\t\t<\/div>\n\t\t\t\n\t\t\t\t\t\t<div class=\"elementor-icon-box-content\">\n\n\t\t\t\t\t\t\t\t\t<h3 class=\"elementor-icon-box-title\">\n\t\t\t\t\t\t<span  >\n\t\t\t\t\t\t\tAdresse\t\t\t\t\t\t<\/span>\n\t\t\t\t\t<\/h3>\n\t\t\t\t\n\t\t\t\t\t\t\t\t\t<p class=\"elementor-icon-box-description\">\n\t\t\t\t\t\tSaint-Denis, \u00cele de La R\u00e9union\t\t\t\t\t<\/p>\n\t\t\t\t\n\t\t\t<\/div>\n\t\t\t\n\t\t<\/div>\n\t\t\t\t\t\t<\/div>\n\t\t\t\t<\/div>\n\t\t\t\t<div class=\"elementor-element elementor-element-2ff008b elementor-position-inline-start elementor-view-stacked elementor-mobile-position-inline-start elementor-shape-circle elementor-widget elementor-widget-icon-box\" data-id=\"2ff008b\" data-element_type=\"widget\" data-widget_type=\"icon-box.default\">\n\t\t\t\t<div class=\"elementor-widget-container\">\n\t\t\t\t\t\t\t<div class=\"elementor-icon-box-wrapper\">\n\n\t\t\t\t\t\t<div class=\"elementor-icon-box-icon\">\n\t\t\t\t<a href=\"tel:+262692797830\" class=\"elementor-icon\" tabindex=\"-1\" aria-label=\"T\u00e9l\u00e9phone\">\n\t\t\t\t<svg xmlns=\"http:\/\/www.w3.org\/2000\/svg\" viewBox=\"0 0 24 24\"><g fill=\"none\" class=\"nc-icon-wrapper\"><g clip-path=\"url(#1688378323724-9920675_1688378091794-8116220_clip0_504_13850)\"><path d=\"M23.08 4.9c-.92-1.266-2.533-2.41-4.54-3.22C16.542.875 14.223.43 12.011.427 9.797.42 7.476.862 5.478 1.66 3.467 2.464 1.85 3.603.926 4.867.038 6.081-.218 7.39.186 8.652a1.984 1.984 0 0 0 1.901 1.37l2.998.003h.003a2 2 0 0 0 1.541-.718 1.97 1.97 0 0 0 .418-1.67l-.158-.613c.874-.417 2.853-1.222 5.113-1.21 2.259.012 4.237.817 5.111 1.234l-.16.61a1.97 1.97 0 0 0 .413 1.673c.38.458.943.721 1.542.722l2.998.003h.003c.874 0 1.638-.548 1.902-1.365.407-1.262.154-2.572-.73-3.79z\" fill=\"currentColor\"><\/path><path d=\"M18.778 13.116l-2.235-2.347a.716.716 0 0 0-.519-.222H14.58V9.57a.716.716 0 0 0-1.432 0v.976h-2.293V9.57a.716.716 0 1 0-1.432 0v.976H7.977a.716.716 0 0 0-.519.222l-2.235 2.347a9.812 9.812 0 0 0-2.718 6.795v2.947c0 .395.32.716.716.716H20.78c.396 0 .716-.32.716-.716V19.91a9.812 9.812 0 0 0-2.718-6.795zm-6.777 7.84a3.752 3.752 0 0 1-3.749-3.748A3.752 3.752 0 0 1 12 13.46a3.752 3.752 0 0 1 3.749 3.748A3.752 3.752 0 0 1 12 20.956z\" fill=\"currentColor\"><\/path><path d=\"M12 14.892a2.318 2.318 0 0 0-2.315 2.315A2.318 2.318 0 0 0 12 19.523a2.318 2.318 0 0 0 2.316-2.316A2.318 2.318 0 0 0 12 14.892z\" fill=\"currentColor\"><\/path><\/g><defs><clipPath id=\"1688378323724-9920675_1688378091794-8116220_clip0_504_13850\"><path fill=\"currentColor\" d=\"M0 0h24v24H0z\"><\/path><\/clipPath><\/defs><\/g><\/svg>\t\t\t\t<\/a>\n\t\t\t<\/div>\n\t\t\t\n\t\t\t\t\t\t<div class=\"elementor-icon-box-content\">\n\n\t\t\t\t\t\t\t\t\t<h3 class=\"elementor-icon-box-title\">\n\t\t\t\t\t\t<a href=\"tel:+262692797830\" >\n\t\t\t\t\t\t\tT\u00e9l\u00e9phone\t\t\t\t\t\t<\/a>\n\t\t\t\t\t<\/h3>\n\t\t\t\t\n\t\t\t\t\t\t\t\t\t<p class=\"elementor-icon-box-description\">\n\t\t\t\t\t\t0692 79 78 30\t\t\t\t\t<\/p>\n\t\t\t\t\n\t\t\t<\/div>\n\t\t\t\n\t\t<\/div>\n\t\t\t\t\t\t<\/div>\n\t\t\t\t<\/div>\n\t\t\t\t<div class=\"elementor-element elementor-element-4e664a1 elementor-position-inline-start elementor-view-stacked elementor-mobile-position-inline-start elementor-shape-circle elementor-widget elementor-widget-icon-box\" data-id=\"4e664a1\" data-element_type=\"widget\" data-widget_type=\"icon-box.default\">\n\t\t\t\t<div class=\"elementor-widget-container\">\n\t\t\t\t\t\t\t<div class=\"elementor-icon-box-wrapper\">\n\n\t\t\t\t\t\t<div class=\"elementor-icon-box-icon\">\n\t\t\t\t<a href=\"mailto:hello@propreunion.re\" class=\"elementor-icon\" tabindex=\"-1\" aria-label=\"Email\">\n\t\t\t\t<svg xmlns=\"http:\/\/www.w3.org\/2000\/svg\" viewBox=\"0 0 24 24\"><g fill=\"none\" class=\"nc-icon-wrapper\"><path d=\"M21.857 21.428c.54 0 1.007-.178 1.404-.53l-6.8-6.8-.47.339c-.509.375-.922.667-1.239.877-.317.21-.739.424-1.266.643-.527.219-1.018.328-1.473.328h-.027c-.455 0-.946-.11-1.473-.328-.527-.219-.949-.433-1.266-.643a31.45 31.45 0 0 1-1.239-.877 45.606 45.606 0 0 0-.469-.34l-6.8 6.801c.397.352.864.53 1.404.53h19.714z\" fill=\"currentColor\"><\/path><path d=\"M1.353 9.817A7.1 7.1 0 0 1 0 8.65v10.346l5.993-5.993a462.282 462.282 0 0 0-4.64-3.187z\" fill=\"currentColor\"><\/path><path d=\"M22.66 9.817a394.778 394.778 0 0 0-4.651 3.189l5.99 5.991V8.651c-.384.43-.83.817-1.339 1.166z\" fill=\"currentColor\"><\/path><path d=\"M21.857 2.571H2.143c-.688 0-1.217.233-1.587.697C.186 3.732 0 4.312 0 5.008c0 .563.246 1.172.737 1.829.49.656 1.013 1.172 1.566 1.547.304.214 1.22.85 2.746 1.908a896.392 896.392 0 0 1 3.509 2.444l.2.143.37.266c.29.21.53.38.722.509.192.13.425.274.697.435.272.16.53.282.77.362.241.08.464.12.67.12h.026c.206 0 .429-.04.67-.12.241-.08.498-.2.77-.362.272-.16.504-.306.697-.435.192-.13.433-.3.723-.509a96.485 96.485 0 0 1 .57-.409l1.354-.941c1.11-.772 2.746-1.907 4.913-3.411a6.37 6.37 0 0 0 1.634-1.648C23.78 6.094 24 5.42 24 4.714c0-.59-.213-1.093-.636-1.513a2.072 2.072 0 0 0-1.507-.63z\" fill=\"currentColor\"><\/path><\/g><\/svg>\t\t\t\t<\/a>\n\t\t\t<\/div>\n\t\t\t\n\t\t\t\t\t\t<div class=\"elementor-icon-box-content\">\n\n\t\t\t\t\t\t\t\t\t<h3 class=\"elementor-icon-box-title\">\n\t\t\t\t\t\t<a href=\"mailto:hello@propreunion.re\" >\n\t\t\t\t\t\t\tEmail\t\t\t\t\t\t<\/a>\n\t\t\t\t\t<\/h3>\n\t\t\t\t\n\t\t\t\t\t\t\t\t\t<p class=\"elementor-icon-box-description\">\n\t\t\t\t\t\thello@propreunion.re\t\t\t\t\t<\/p>\n\t\t\t\t\n\t\t\t<\/div>\n\t\t\t\n\t\t<\/div>\n\t\t\t\t\t\t<\/div>\n\t\t\t\t<\/div>\n\t\t\t\t\t<\/div>\n\t\t\t\t<\/div>\n\t\t\t\t<\/div>\n\t\t\t\t\t<\/div>\n\t\t\t\t<\/div>\n\t\t<div class=\"elementor-element elementor-element-9a07067 e-flex e-con-boxed e-con e-parent\" data-id=\"9a07067\" data-element_type=\"container\" data-settings=\"{&quot;background_background&quot;:&quot;classic&quot;}\">\n\t\t\t\t\t<div class=\"e-con-inner\">\n\t\t<div class=\"elementor-element elementor-element-2faf3f5 e-flex e-con-boxed e-con e-child\" data-id=\"2faf3f5\" data-element_type=\"container\">\n\t\t\t\t\t<div class=\"e-con-inner\">\n\t\t\t\t<div class=\"elementor-element elementor-element-ec0a328 elementor-widget-tablet_extra__width-initial elementor-widget elementor-widget-text-editor\" data-id=\"ec0a328\" data-element_type=\"widget\" data-widget_type=\"text-editor.default\">\n\t\t\t\t<div class=\"elementor-widget-container\">\n\t\t\t\t\t\t\t\t\t<p>Vous \u00eates une entreprise, une association, une \u00e9cole ou une collectivit\u00e9 ? Vous souhaitez devenir b\u00e9n\u00e9vole et vous engager \u00e0 nos c\u00f4t\u00e9s ?<\/p><p>Contactez-nous, nous vous r\u00e9pondrons dans les plus brefs d\u00e9lais.<\/p>\t\t\t\t\t\t\t\t<\/div>\n\t\t\t\t<\/div>\n\t\t\t\t\t<\/div>\n\t\t\t\t<\/div>\n\t\t<div class=\"elementor-element elementor-element-b90d721 e-con-full e-flex e-con e-child\" data-id=\"b90d721\" data-element_type=\"container\">\n\t\t\t\t<div class=\"elementor-element elementor-element-50d88da elementor-widget-tablet_extra__width-initial elementor-widget elementor-widget-wpforms\" data-id=\"50d88da\" data-element_type=\"widget\" data-widget_type=\"wpforms.default\">\n\t\t\t\t<div class=\"elementor-widget-container\">\n\t\t\t\t\t<style id=\"wpforms-css-vars-elementor-widget-50d88da\">\n\t\t\t\t.elementor-widget-wpforms.elementor-element-50d88da {\n\t\t\t\t--wpforms-field-background-color: #EEEEEE;\n--wpforms-field-border-color: #65D0F200;\n--wpforms-field-border-color-spare: #65D0F200;\n--wpforms-field-text-color: #333333;\n--wpforms-label-color: #EEEEEE;\n--wpforms-label-sublabel-color: #E1E1E1;\n--wpforms-button-background-color: #F9DE08;\n--wpforms-button-text-color: #002539;\n\t\t\t}\n\t\t\t<\/style><div class=\"wpforms-container wpforms-container-full wpforms-render-modern\" id=\"wpforms-14606\"><form id=\"wpforms-form-14606\" class=\"wpforms-validate wpforms-form wpforms-ajax-form\" data-formid=\"14606\" method=\"post\" enctype=\"multipart\/form-data\" action=\"\/index.php\/wp-json\/wp\/v2\/pages\/14\" data-token=\"e187ad2d00f328456981ebf5891aba73\" data-token-time=\"1777554057\"><noscript class=\"wpforms-error-noscript\">Veuillez activer JavaScript dans votre navigateur pour remplir ce formulaire.<\/noscript><div id=\"wpforms-error-noscript\" style=\"display: none;\">Veuillez activer JavaScript dans votre navigateur pour remplir ce formulaire.<\/div><div class=\"wpforms-field-container\"><div id=\"wpforms-14606-field_1-container\" class=\"wpforms-field wpforms-field-name name_fields\" data-field-id=\"1\"><fieldset><legend class=\"wpforms-field-label\">Nom <span class=\"wpforms-required-label\" aria-hidden=\"true\">*<\/span><\/legend><div class=\"wpforms-field-row wpforms-field-medium\"><div class=\"wpforms-field-row-block wpforms-first wpforms-one-half\"><input type=\"text\" id=\"wpforms-14606-field_1\" class=\"wpforms-field-name-first wpforms-field-required\" name=\"wpforms[fields][1][first]\" aria-errormessage=\"wpforms-14606-field_1-error\" required><label for=\"wpforms-14606-field_1\" class=\"wpforms-field-sublabel after\">Pr\u00e9nom<\/label><\/div><div class=\"wpforms-field-row-block wpforms-one-half\"><input type=\"text\" id=\"wpforms-14606-field_1-last\" class=\"wpforms-field-name-last wpforms-field-required\" name=\"wpforms[fields][1][last]\" aria-errormessage=\"wpforms-14606-field_1-last-error\" required><label for=\"wpforms-14606-field_1-last\" class=\"wpforms-field-sublabel after\">Nom<\/label><\/div><\/div><\/fieldset><\/div>\t\t<div id=\"wpforms-14606-field_6-container\"\n\t\t\tclass=\"wpforms-field wpforms-field-text\"\n\t\t\tdata-field-type=\"text\"\n\t\t\tdata-field-id=\"6\"\n\t\t\t>\n\t\t\t<label class=\"wpforms-field-label\" for=\"wpforms-14606-field_6\" >Motif ici ou<\/label>\n\t\t\t<input type=\"text\" id=\"wpforms-14606-field_6\" class=\"wpforms-field-medium\" name=\"wpforms[fields][6]\" >\n\t\t<\/div>\n\t\t<div id=\"wpforms-14606-field_2-container\" class=\"wpforms-field wpforms-field-email email_field\" data-field-id=\"2\"><label class=\"wpforms-field-label\" for=\"wpforms-14606-field_2\">E-mail <span class=\"wpforms-required-label\" aria-hidden=\"true\">*<\/span><\/label><input type=\"email\" id=\"wpforms-14606-field_2\" class=\"wpforms-field-medium wpforms-field-required\" name=\"wpforms[fields][2]\" spellcheck=\"false\" aria-errormessage=\"wpforms-14606-field_2-error\" aria-describedby=\"wpforms-14606-field_2-description\" required><div id=\"wpforms-14606-field_2-description\" class=\"wpforms-field-description\">exemple@gmail.com<\/div><\/div><div id=\"wpforms-14606-field_4-container\" class=\"wpforms-field wpforms-field-select wpforms-field-select-style-classic\" data-field-id=\"4\"><label class=\"wpforms-field-label\" for=\"wpforms-14606-field_4\">Motif <span class=\"wpforms-required-label\" aria-hidden=\"true\">*<\/span><\/label><select id=\"wpforms-14606-field_4\" class=\"wpforms-field-medium wpforms-field-required\" name=\"wpforms[fields][4]\" required=\"required\"><option value=\"Demande de renseignements\"  class=\"choice-1 depth-1\"  >Demande de renseignements<\/option><option value=\"Devenir Partenaire\"  class=\"choice-2 depth-1\"  >Devenir Partenaire<\/option><option value=\"Devenir Membre\"  class=\"choice-4 depth-1\"  >Devenir Membre<\/option><option value=\"Participer \u00e0 une Action\"  class=\"choice-3 depth-1\"  >Participer \u00e0 une Action<\/option><option value=\"Autre\"  class=\"choice-6 depth-1\"  >Autre<\/option><\/select><\/div><div id=\"wpforms-14606-field_5-container\" class=\"wpforms-field wpforms-field-text\" data-field-id=\"5\"><label class=\"wpforms-field-label\" for=\"wpforms-14606-field_5\">Si autre pr\u00e9cisez ici<\/label><input type=\"text\" id=\"wpforms-14606-field_5\" class=\"wpforms-field-medium\" name=\"wpforms[fields][5]\" aria-errormessage=\"wpforms-14606-field_5-error\" ><\/div><div id=\"wpforms-14606-field_3-container\" class=\"wpforms-field wpforms-field-textarea comment_field\" data-field-id=\"3\"><label class=\"wpforms-field-label\" for=\"wpforms-14606-field_3\">Commentaire ou Message <span class=\"wpforms-required-label\" aria-hidden=\"true\">*<\/span><\/label><textarea id=\"wpforms-14606-field_3\" class=\"wpforms-field-medium wpforms-field-required\" name=\"wpforms[fields][3]\" aria-errormessage=\"wpforms-14606-field_3-error\" required><\/textarea><\/div><script>\n\t\t\t\t( function() {\n\t\t\t\t\tconst style = document.createElement( 'style' );\n\t\t\t\t\tstyle.appendChild( document.createTextNode( '#wpforms-14606-field_6-container { position: absolute !important; overflow: hidden !important; display: inline !important; height: 1px !important; width: 1px !important; z-index: -1000 !important; padding: 0 !important; } #wpforms-14606-field_6-container input { visibility: hidden; } #wpforms-conversational-form-page #wpforms-14606-field_6-container label { counter-increment: none; }' ) );\n\t\t\t\t\tdocument.head.appendChild( style );\n\t\t\t\t\tdocument.currentScript?.remove();\n\t\t\t\t} )();\n\t\t\t<\/script><\/div><!-- .wpforms-field-container --><div class=\"wpforms-submit-container\" ><input type=\"hidden\" name=\"wpforms[id]\" value=\"14606\"><input type=\"hidden\" name=\"page_title\" value=\"\"><input type=\"hidden\" name=\"page_url\" value=\"https:\/\/propreunion.com\/index.php\/wp-json\/wp\/v2\/pages\/14\"><input type=\"hidden\" name=\"url_referer\" value=\"\"><button type=\"submit\" name=\"wpforms[submit]\" id=\"wpforms-submit-14606\" class=\"wpforms-submit\" data-alt-text=\"Votre message est en cours d&#039;envoi...\" data-submit-text=\"Envoyer\" aria-live=\"assertive\" value=\"wpforms-submit\">Envoyer<\/button><img decoding=\"async\" src=\"https:\/\/propreunion.com\/wp-content\/plugins\/wpforms-lite\/assets\/images\/submit-spin.svg\" class=\"wpforms-submit-spinner\" style=\"display: none;\" width=\"26\" height=\"26\" alt=\"Chargement en cours\"><\/div><\/form><\/div>  <!-- .wpforms-container -->\t\t\t\t<\/div>\n\t\t\t\t<\/div>\n\t\t\t\t<\/div>\n\t\t\t\t\t<\/div>\n\t\t\t\t<\/div>\n\t\t<div class=\"elementor-element elementor-element-6360849 e-flex e-con-boxed e-con e-parent\" data-id=\"6360849\" data-element_type=\"container\">\n\t\t\t\t\t<div class=\"e-con-inner\">\n\t\t\t\t<div class=\"elementor-element elementor-element-6b2f084 elementor-widget elementor-widget-google_maps\" data-id=\"6b2f084\" data-element_type=\"widget\" data-widget_type=\"google_maps.default\">\n\t\t\t\t<div class=\"elementor-widget-container\">\n\t\t\t\t\t\t\t<div class=\"elementor-custom-embed\">\n\t\t\t<iframe loading=\"lazy\"\n\t\t\t\t\tsrc=\"https:\/\/maps.google.com\/maps?q=4C7W%2B79%20Saint-Denis%2C%20La%20R%C3%A9union&#038;t=m&#038;z=17&#038;output=embed&#038;iwloc=near\"\n\t\t\t\t\ttitle=\"4C7W+79 Saint-Denis, La R\u00e9union\"\n\t\t\t\t\taria-label=\"4C7W+79 Saint-Denis, La R\u00e9union\"\n\t\t\t><\/iframe>\n\t\t<\/div>\n\t\t\t\t\t\t<\/div>\n\t\t\t\t<\/div>\n\t\t\t\t\t<\/div>\n\t\t\t\t<\/div>\n\t\t\t\t<\/div>\n\t\t","protected":false},"excerpt":{"rendered":"<p>Contactez-nous Nos Coordonn\u00e9es Adresse Saint-Denis, \u00cele de La R\u00e9union T\u00e9l\u00e9phone 0692 79 78 30 Email hello@propreunion.re CONTACTEZ-NOUS OBTENIR PLUS D&rsquo;INFORMATIONS Vous \u00eates une entreprise, une association, une \u00e9cole ou une collectivit\u00e9 ? Vous souhaitez devenir b\u00e9n\u00e9vole et vous engager \u00e0 nos c\u00f4t\u00e9s ? Contactez-nous, nous vous r\u00e9pondrons dans les plus brefs d\u00e9lais. Veuillez activer JavaScript [&hellip;]<\/p>\n","protected":false},"author":1,"featured_media":0,"parent":0,"menu_order":0,"comment_status":"closed","ping_status":"closed","template":"","meta":{"_acf_changed":false,"inline_featured_image":false,"footnotes":""},"class_list":["post-14","page","type-page","status-publish","hentry"],"acf":[],"_links":{"self":[{"href":"https:\/\/propreunion.com\/index.php\/wp-json\/wp\/v2\/pages\/14","targetHints":{"allow":["GET"]}}],"collection":[{"href":"https:\/\/propreunion.com\/index.php\/wp-json\/wp\/v2\/pages"}],"about":[{"href":"https:\/\/propreunion.com\/index.php\/wp-json\/wp\/v2\/types\/page"}],"author":[{"embeddable":true,"href":"https:\/\/propreunion.com\/index.php\/wp-json\/wp\/v2\/users\/1"}],"replies":[{"embeddable":true,"href":"https:\/\/propreunion.com\/index.php\/wp-json\/wp\/v2\/comments?post=14"}],"version-history":[{"count":109,"href":"https:\/\/propreunion.com\/index.php\/wp-json\/wp\/v2\/pages\/14\/revisions"}],"predecessor-version":[{"id":15705,"href":"https:\/\/propreunion.com\/index.php\/wp-json\/wp\/v2\/pages\/14\/revisions\/15705"}],"wp:attachment":[{"href":"https:\/\/propreunion.com\/index.php\/wp-json\/wp\/v2\/media?parent=14"}],"curies":[{"name":"wp","href":"https:\/\/api.w.org\/{rel}","templated":true}]}}