{"id":14862,"date":"2025-05-19T17:51:53","date_gmt":"2025-05-19T15:51:53","guid":{"rendered":"https:\/\/propreunion.com\/?page_id=14862"},"modified":"2026-01-26T12:34:20","modified_gmt":"2026-01-26T11:34:20","slug":"page_don","status":"publish","type":"page","link":"https:\/\/propreunion.com\/index.php\/page_don\/","title":{"rendered":"Dons"},"content":{"rendered":"\t\t<div data-elementor-type=\"wp-page\" data-elementor-id=\"14862\" class=\"elementor elementor-14862\">\n\t\t\t\t<div class=\"elementor-element elementor-element-3f365d6 e-flex e-con-boxed e-con e-parent\" data-id=\"3f365d6\" data-element_type=\"container\">\n\t\t\t\t\t<div class=\"e-con-inner\">\n\t\t<section class=\"elementor-element elementor-element-25be024 e-flex e-con-boxed e-con e-child\" data-id=\"25be024\" data-element_type=\"container\" data-settings=\"{&quot;background_background&quot;:&quot;classic&quot;}\">\n\t\t\t\t\t<div class=\"e-con-inner\">\n\t\t\t\t<div class=\"elementor-element elementor-element-1847f80 elementor-widget elementor-widget-heading\" data-id=\"1847f80\" data-element_type=\"widget\" data-widget_type=\"heading.default\">\n\t\t\t\t<div class=\"elementor-widget-container\">\n\t\t\t\t\t<h2 class=\"elementor-heading-title elementor-size-large\">INFORMATIONS IMPORTANTES<\/h2>\t\t\t\t<\/div>\n\t\t\t\t<\/div>\n\t\t\t\t<div class=\"elementor-element elementor-element-76695e9 elementor-widget elementor-widget-text-editor\" data-id=\"76695e9\" data-element_type=\"widget\" data-widget_type=\"text-editor.default\">\n\t\t\t\t<div class=\"elementor-widget-container\">\n\t\t\t\t\t\t\t\t\t<p>Les informations saisies via ce formulaire sont utilis\u00e9es exclusivement par la plateforme HelloAsso dans le cadre de votre don. Elles sont confidentielles et ne sont ni conserv\u00e9es ni exploit\u00e9es \u00e0 des fins commerciales, ni par l\u2019association.<br \/>Chaque don contribue directement \u00e0 faire vivre l&rsquo;association Propr\u00e9union. Gr\u00e2ce \u00e0 votre soutien, nous pouvons organiser les coup de Prop&rsquo;, sensibiliser, et couvrir une partie des frais logistiques (transport, mat\u00e9riel, communication). M\u00eame un petit geste fait une grande diff\u00e9rence pour une \u00eele plus propre.<\/p><p>PropR\u00e9union vous remercie pour votre confiance !<\/p>\t\t\t\t\t\t\t\t<\/div>\n\t\t\t\t<\/div>\n\t\t\t\t\t<\/div>\n\t\t\t\t<\/section>\n\t\t\t\t\t<\/div>\n\t\t\t\t<\/div>\n\t\t<div class=\"elementor-element elementor-element-87369d4 e-con-full e-flex e-con e-parent\" data-id=\"87369d4\" data-element_type=\"container\" id=\"donation-container\">\n\t\t\t\t<div class=\"elementor-element elementor-element-87f17a2 elementor-widget elementor-widget-html\" data-id=\"87f17a2\" data-element_type=\"widget\" data-widget_type=\"html.default\">\n\t\t\t\t<div class=\"elementor-widget-container\">\n\t\t\t\t\t<div class=\"container\">\n<iframe\n  id=\"haWidget\"\n  allowtransparency=\"true\"\n  src=\"https:\/\/www.helloasso.com\/associations\/propreunion\/formulaires\/2\/widget\"\n  scrolling=\"no\"\n><\/iframe>\n<style>\n  .iframe-container {\n    width: 100%;\n    max-width: 900px;\n    margin: 0 auto;\n  }\n\n  #haWidget {\n    width: 100%;\n    border: none;\n    display: block;\n    min-height: 990px;\n  }\n\n  @media (max-width: 767px) {\n    #haWidget {\n      min-height: 1550px;\n  }\n<\/style>\n<\/div\t\t\t\t<\/div>\n\t\t\t\t<\/div>\n\t\t\t\t<\/div>\n\t\t\t\t<\/div>\n\t\t","protected":false},"excerpt":{"rendered":"<p>INFORMATIONS IMPORTANTES Les informations saisies via ce formulaire sont utilis\u00e9es exclusivement par la plateforme HelloAsso dans le cadre de votre don. Elles sont confidentielles et ne sont ni conserv\u00e9es ni exploit\u00e9es \u00e0 des fins commerciales, ni par l\u2019association.Chaque don contribue directement \u00e0 faire vivre l&rsquo;association Propr\u00e9union. Gr\u00e2ce \u00e0 votre soutien, nous pouvons organiser les coup [&hellip;]<\/p>\n","protected":false},"author":2,"featured_media":0,"parent":0,"menu_order":0,"comment_status":"closed","ping_status":"closed","template":"","meta":{"_acf_changed":false,"inline_featured_image":false,"footnotes":""},"class_list":["post-14862","page","type-page","status-publish","hentry"],"acf":[],"_links":{"self":[{"href":"https:\/\/propreunion.com\/index.php\/wp-json\/wp\/v2\/pages\/14862","targetHints":{"allow":["GET"]}}],"collection":[{"href":"https:\/\/propreunion.com\/index.php\/wp-json\/wp\/v2\/pages"}],"about":[{"href":"https:\/\/propreunion.com\/index.php\/wp-json\/wp\/v2\/types\/page"}],"author":[{"embeddable":true,"href":"https:\/\/propreunion.com\/index.php\/wp-json\/wp\/v2\/users\/2"}],"replies":[{"embeddable":true,"href":"https:\/\/propreunion.com\/index.php\/wp-json\/wp\/v2\/comments?post=14862"}],"version-history":[{"count":182,"href":"https:\/\/propreunion.com\/index.php\/wp-json\/wp\/v2\/pages\/14862\/revisions"}],"predecessor-version":[{"id":16050,"href":"https:\/\/propreunion.com\/index.php\/wp-json\/wp\/v2\/pages\/14862\/revisions\/16050"}],"wp:attachment":[{"href":"https:\/\/propreunion.com\/index.php\/wp-json\/wp\/v2\/media?parent=14862"}],"curies":[{"name":"wp","href":"https:\/\/api.w.org\/{rel}","templated":true}]}}