{"id":20,"date":"2023-06-28T06:37:50","date_gmt":"2023-06-28T06:37:50","guid":{"rendered":"https:\/\/demo2wpopal.b-cdn.net\/ecofa\/become-a-volunteer\/"},"modified":"2026-01-26T12:31:26","modified_gmt":"2026-01-26T11:31:26","slug":"adhesions","status":"publish","type":"page","link":"https:\/\/propreunion.com\/index.php\/adhesions\/","title":{"rendered":"Adh\u00e9sions"},"content":{"rendered":"\t\t<div data-elementor-type=\"wp-page\" data-elementor-id=\"20\" class=\"elementor elementor-20\">\n\t\t\t\t<div class=\"elementor-element elementor-element-0b1f460 e-flex e-con-boxed e-con e-parent\" data-id=\"0b1f460\" data-element_type=\"container\">\n\t\t\t\t\t<div class=\"e-con-inner\">\n\t\t<section class=\"elementor-element elementor-element-89aed60 e-flex e-con-boxed e-con e-child\" data-id=\"89aed60\" data-element_type=\"container\" data-settings=\"{&quot;background_background&quot;:&quot;classic&quot;}\">\n\t\t\t\t\t<div class=\"e-con-inner\">\n\t\t\t\t<div class=\"elementor-element elementor-element-49082c8 elementor-widget elementor-widget-heading\" data-id=\"49082c8\" data-element_type=\"widget\" data-widget_type=\"heading.default\">\n\t\t\t\t<div class=\"elementor-widget-container\">\n\t\t\t\t\t<h2 class=\"elementor-heading-title elementor-size-large\">INFORMATIONS IMPORTANTES<\/h2>\t\t\t\t<\/div>\n\t\t\t\t<\/div>\n\t\t\t\t<div class=\"elementor-element elementor-element-1fa932d elementor-widget elementor-widget-text-editor\" data-id=\"1fa932d\" data-element_type=\"widget\" data-widget_type=\"text-editor.default\">\n\t\t\t\t<div class=\"elementor-widget-container\">\n\t\t\t\t\t\t\t\t\t<p>En adh\u00e9rant \u00e0 l\u2019association, vous devenez acteur\u00b7rice du changement. Votre soutienb nous aide \u00e0 structurer nos actions, \u00e0 renforcer notre \u00e9quipe, et \u00e0 porter haut les valeurs de notre \u00eele. C\u2019est aussi l\u2019occasion de participer de pr\u00e8s \u00e0 nos projets, nos d\u00e9cisions et nos \u00e9v\u00e9nements.<br \/>Rejoignez la communaut\u00e9 Propr\u00e9union et faites partie de ceux qui agissent, vraiment !<\/p>\t\t\t\t\t\t\t\t<\/div>\n\t\t\t\t<\/div>\n\t\t\t\t\t<\/div>\n\t\t\t\t<\/section>\n\t\t\t\t\t<\/div>\n\t\t\t\t<\/div>\n\t\t<div class=\"elementor-element elementor-element-550dd52 e-flex e-con-boxed e-con e-parent\" data-id=\"550dd52\" data-element_type=\"container\">\n\t\t\t\t\t<div class=\"e-con-inner\">\n\t\t\t\t<div class=\"elementor-element elementor-element-c39119e elementor-widget elementor-widget-html\" data-id=\"c39119e\" data-element_type=\"widget\" data-widget_type=\"html.default\">\n\t\t\t\t<div class=\"elementor-widget-container\">\n\t\t\t\t\t<div class=\"container\">\n<iframe id=\"haWidget\" allowtransparency=\"true\" src=\"https:\/\/www.helloasso.com\/associations\/propreunion\/adhesions\/adhesion-propreunion\/widget\" scrolling=\"no\" onload=\"window.addEventListener( 'message', e => { const dataHeight = e.data.height const haWidgetElement = document.getElementById('haWidget') haWidgetElement.height = dataHeight + 'px'\u00a0}\u00a0)\"\u00a0><\/iframe>\n<style>\n  .iframe-container {\n    width: 100%;\n    max-width: 900px;\n    margin: 0 auto;\n  }\n\n  #haWidget {\n    width: 100%;\n    border: none;\n    display: block;\n    min-height: 1600px;\n  }\n\n  @media (max-width: 767px) {\n    #haWidget {\n      min-height: 2850px;\n  }\n<\/style>\n<\/div>\t\t\t\t<\/div>\n\t\t\t\t<\/div>\n\t\t\t\t\t<\/div>\n\t\t\t\t<\/div>\n\t\t<div class=\"elementor-element elementor-element-0cbea12 e-flex e-con-boxed e-con e-parent\" data-id=\"0cbea12\" data-element_type=\"container\" data-settings=\"{&quot;background_background&quot;:&quot;classic&quot;}\">\n\t\t\t\t\t<div class=\"e-con-inner\">\n\t\t<div class=\"elementor-element elementor-element-2cb275f e-con-full e-flex e-con e-child\" data-id=\"2cb275f\" data-element_type=\"container\">\n\t\t\t\t<div class=\"elementor-element elementor-element-31a077d elementor-widget elementor-widget-text-editor\" data-id=\"31a077d\" data-element_type=\"widget\" data-widget_type=\"text-editor.default\">\n\t\t\t\t<div class=\"elementor-widget-container\">\n\t\t\t\t\t\t\t\t\t<p>Tu as des questions sur l\u2019adh\u00e9sion ou le fonctionnement de l\u2019association ? Tu te demandes comment apporter ton aide \u00e0 Propr\u00e9union ?<br data-start=\"253\" data-end=\"256\" \/><br \/>\u00c9cris-nous via le formulaire, on se fera un plaisir d\u2019\u00e9changer avec toi !<\/p>\t\t\t\t\t\t\t\t<\/div>\n\t\t\t\t<\/div>\n\t\t\t\t<\/div>\n\t\t<div class=\"elementor-element elementor-element-1eea387 e-con-full e-flex e-con e-child\" data-id=\"1eea387\" data-element_type=\"container\">\n\t\t\t\t<div class=\"elementor-element elementor-element-d3d9dcb elementor-widget elementor-widget-wpforms\" data-id=\"d3d9dcb\" data-element_type=\"widget\" data-widget_type=\"wpforms.default\">\n\t\t\t\t<div class=\"elementor-widget-container\">\n\t\t\t\t\t<style id=\"wpforms-css-vars-elementor-widget-d3d9dcb\">\n\t\t\t\t.elementor-widget-wpforms.elementor-element-d3d9dcb {\n\t\t\t\t--wpforms-field-text-color: #000000;\n--wpforms-label-color: #EEEEEE;\n--wpforms-label-sublabel-color: #EEEEEE;\n--wpforms-button-background-color: #F9DE08;\n--wpforms-button-text-color: #002539;\n\t\t\t}\n\t\t\t<\/style><div class=\"wpforms-container wpforms-container-full wpforms-render-modern\" id=\"wpforms-14606\"><form id=\"wpforms-form-14606\" class=\"wpforms-validate wpforms-form wpforms-ajax-form\" data-formid=\"14606\" method=\"post\" enctype=\"multipart\/form-data\" action=\"\/index.php\/wp-json\/wp\/v2\/pages\/20\" data-token=\"e187ad2d00f328456981ebf5891aba73\" data-token-time=\"1777554432\"><noscript class=\"wpforms-error-noscript\">Veuillez activer JavaScript dans votre navigateur pour remplir ce formulaire.<\/noscript><div id=\"wpforms-error-noscript\" style=\"display: none;\">Veuillez activer JavaScript dans votre navigateur pour remplir ce formulaire.<\/div><div class=\"wpforms-field-container\"><div id=\"wpforms-14606-field_1-container\" class=\"wpforms-field wpforms-field-name name_fields\" data-field-id=\"1\"><fieldset><legend class=\"wpforms-field-label\">Nom <span class=\"wpforms-required-label\" aria-hidden=\"true\">*<\/span><\/legend><div class=\"wpforms-field-row wpforms-field-medium\"><div class=\"wpforms-field-row-block wpforms-first wpforms-one-half\"><input type=\"text\" id=\"wpforms-14606-field_1\" class=\"wpforms-field-name-first wpforms-field-required\" name=\"wpforms[fields][1][first]\" aria-errormessage=\"wpforms-14606-field_1-error\" required><label for=\"wpforms-14606-field_1\" class=\"wpforms-field-sublabel after\">Pr\u00e9nom<\/label><\/div><div class=\"wpforms-field-row-block wpforms-one-half\"><input type=\"text\" id=\"wpforms-14606-field_1-last\" class=\"wpforms-field-name-last wpforms-field-required\" name=\"wpforms[fields][1][last]\" aria-errormessage=\"wpforms-14606-field_1-last-error\" required><label for=\"wpforms-14606-field_1-last\" class=\"wpforms-field-sublabel after\">Nom<\/label><\/div><\/div><\/fieldset><\/div><div id=\"wpforms-14606-field_2-container\" class=\"wpforms-field wpforms-field-email email_field\" data-field-id=\"2\"><label class=\"wpforms-field-label\" for=\"wpforms-14606-field_2\">E-mail <span class=\"wpforms-required-label\" aria-hidden=\"true\">*<\/span><\/label><input type=\"email\" id=\"wpforms-14606-field_2\" class=\"wpforms-field-medium wpforms-field-required\" name=\"wpforms[fields][2]\" spellcheck=\"false\" aria-errormessage=\"wpforms-14606-field_2-error\" aria-describedby=\"wpforms-14606-field_2-description\" required><div id=\"wpforms-14606-field_2-description\" class=\"wpforms-field-description\">exemple@gmail.com<\/div><\/div><div id=\"wpforms-14606-field_4-container\" class=\"wpforms-field wpforms-field-select wpforms-field-select-style-classic\" data-field-id=\"4\"><label class=\"wpforms-field-label\" for=\"wpforms-14606-field_4\">Motif <span class=\"wpforms-required-label\" aria-hidden=\"true\">*<\/span><\/label><select id=\"wpforms-14606-field_4\" class=\"wpforms-field-medium wpforms-field-required\" name=\"wpforms[fields][4]\" required=\"required\"><option value=\"Demande de renseignements\"  class=\"choice-1 depth-1\"  >Demande de renseignements<\/option><option value=\"Devenir Partenaire\"  class=\"choice-2 depth-1\"  >Devenir Partenaire<\/option><option value=\"Devenir Membre\"  class=\"choice-4 depth-1\"  >Devenir Membre<\/option><option value=\"Participer \u00e0 une Action\"  class=\"choice-3 depth-1\"  >Participer \u00e0 une Action<\/option><option value=\"Autre\"  class=\"choice-6 depth-1\"  >Autre<\/option><\/select><\/div><div id=\"wpforms-14606-field_5-container\" class=\"wpforms-field wpforms-field-text\" data-field-id=\"5\"><label class=\"wpforms-field-label\" for=\"wpforms-14606-field_5\">Si autre pr\u00e9cisez ici<\/label><input type=\"text\" id=\"wpforms-14606-field_5\" class=\"wpforms-field-medium\" name=\"wpforms[fields][5]\" aria-errormessage=\"wpforms-14606-field_5-error\" ><\/div>\t\t<div id=\"wpforms-14606-field_6-container\"\n\t\t\tclass=\"wpforms-field wpforms-field-text\"\n\t\t\tdata-field-type=\"text\"\n\t\t\tdata-field-id=\"6\"\n\t\t\t>\n\t\t\t<label class=\"wpforms-field-label\" for=\"wpforms-14606-field_6\" >Motif Message Nom<\/label>\n\t\t\t<input type=\"text\" id=\"wpforms-14606-field_6\" class=\"wpforms-field-medium\" name=\"wpforms[fields][6]\" >\n\t\t<\/div>\n\t\t<div id=\"wpforms-14606-field_3-container\" class=\"wpforms-field wpforms-field-textarea comment_field\" data-field-id=\"3\"><label class=\"wpforms-field-label\" for=\"wpforms-14606-field_3\">Commentaire ou Message <span class=\"wpforms-required-label\" aria-hidden=\"true\">*<\/span><\/label><textarea id=\"wpforms-14606-field_3\" class=\"wpforms-field-medium wpforms-field-required\" name=\"wpforms[fields][3]\" aria-errormessage=\"wpforms-14606-field_3-error\" required><\/textarea><\/div><script>\n\t\t\t\t( function() {\n\t\t\t\t\tconst style = document.createElement( 'style' );\n\t\t\t\t\tstyle.appendChild( document.createTextNode( '#wpforms-14606-field_6-container { position: absolute !important; overflow: hidden !important; display: inline !important; height: 1px !important; width: 1px !important; z-index: -1000 !important; padding: 0 !important; } #wpforms-14606-field_6-container input { visibility: hidden; } #wpforms-conversational-form-page #wpforms-14606-field_6-container label { counter-increment: none; }' ) );\n\t\t\t\t\tdocument.head.appendChild( style );\n\t\t\t\t\tdocument.currentScript?.remove();\n\t\t\t\t} )();\n\t\t\t<\/script><\/div><!-- .wpforms-field-container --><div class=\"wpforms-submit-container\" ><input type=\"hidden\" name=\"wpforms[id]\" value=\"14606\"><input type=\"hidden\" name=\"page_title\" value=\"\"><input type=\"hidden\" name=\"page_url\" value=\"https:\/\/propreunion.com\/index.php\/wp-json\/wp\/v2\/pages\/20\"><input type=\"hidden\" name=\"url_referer\" value=\"\"><button type=\"submit\" name=\"wpforms[submit]\" id=\"wpforms-submit-14606\" class=\"wpforms-submit\" data-alt-text=\"Votre message est en cours d&#039;envoi...\" data-submit-text=\"Envoyer\" aria-live=\"assertive\" value=\"wpforms-submit\">Envoyer<\/button><img decoding=\"async\" src=\"https:\/\/propreunion.com\/wp-content\/plugins\/wpforms-lite\/assets\/images\/submit-spin.svg\" class=\"wpforms-submit-spinner\" style=\"display: none;\" width=\"26\" height=\"26\" alt=\"Chargement en cours\"><\/div><\/form><\/div>  <!-- .wpforms-container -->\t\t\t\t<\/div>\n\t\t\t\t<\/div>\n\t\t\t\t<\/div>\n\t\t\t\t\t<\/div>\n\t\t\t\t<\/div>\n\t\t\t\t<\/div>\n\t\t","protected":false},"excerpt":{"rendered":"<p>INFORMATIONS IMPORTANTES En adh\u00e9rant \u00e0 l\u2019association, vous devenez acteur\u00b7rice du changement. Votre soutienb nous aide \u00e0 structurer nos actions, \u00e0 renforcer notre \u00e9quipe, et \u00e0 porter haut les valeurs de notre \u00eele. C\u2019est aussi l\u2019occasion de participer de pr\u00e8s \u00e0 nos projets, nos d\u00e9cisions et nos \u00e9v\u00e9nements.Rejoignez la communaut\u00e9 Propr\u00e9union et faites partie de ceux [&hellip;]<\/p>\n","protected":false},"author":1,"featured_media":0,"parent":0,"menu_order":0,"comment_status":"closed","ping_status":"closed","template":"","meta":{"_acf_changed":false,"inline_featured_image":false,"footnotes":""},"class_list":["post-20","page","type-page","status-publish","hentry"],"acf":[],"_links":{"self":[{"href":"https:\/\/propreunion.com\/index.php\/wp-json\/wp\/v2\/pages\/20","targetHints":{"allow":["GET"]}}],"collection":[{"href":"https:\/\/propreunion.com\/index.php\/wp-json\/wp\/v2\/pages"}],"about":[{"href":"https:\/\/propreunion.com\/index.php\/wp-json\/wp\/v2\/types\/page"}],"author":[{"embeddable":true,"href":"https:\/\/propreunion.com\/index.php\/wp-json\/wp\/v2\/users\/1"}],"replies":[{"embeddable":true,"href":"https:\/\/propreunion.com\/index.php\/wp-json\/wp\/v2\/comments?post=20"}],"version-history":[{"count":119,"href":"https:\/\/propreunion.com\/index.php\/wp-json\/wp\/v2\/pages\/20\/revisions"}],"predecessor-version":[{"id":16044,"href":"https:\/\/propreunion.com\/index.php\/wp-json\/wp\/v2\/pages\/20\/revisions\/16044"}],"wp:attachment":[{"href":"https:\/\/propreunion.com\/index.php\/wp-json\/wp\/v2\/media?parent=20"}],"curies":[{"name":"wp","href":"https:\/\/api.w.org\/{rel}","templated":true}]}}