{"id":3,"date":"2023-11-22T07:52:28","date_gmt":"2023-11-22T06:52:28","guid":{"rendered":"http:\/\/propreunion.com\/?page_id=3"},"modified":"2026-01-19T10:05:33","modified_gmt":"2026-01-19T09:05:33","slug":"politique-de-confidentialite","status":"publish","type":"page","link":"https:\/\/propreunion.com\/index.php\/politique-de-confidentialite\/","title":{"rendered":"Politique de confidentialit\u00e9"},"content":{"rendered":"\t\t<div data-elementor-type=\"wp-page\" data-elementor-id=\"3\" class=\"elementor elementor-3\">\n\t\t\t\t<div class=\"elementor-element elementor-element-afae378 e-flex e-con-boxed e-con e-parent\" data-id=\"afae378\" data-element_type=\"container\">\n\t\t\t\t\t<div class=\"e-con-inner\">\n\t\t\t\t<div class=\"elementor-element elementor-element-abbd69e elementor-widget elementor-widget-heading\" data-id=\"abbd69e\" data-element_type=\"widget\" data-widget_type=\"heading.default\">\n\t\t\t\t<div class=\"elementor-widget-container\">\n\t\t\t\t\t<h1 class=\"elementor-heading-title elementor-size-default\">Politique de Confidentialit\u00e9<\/h1>\t\t\t\t<\/div>\n\t\t\t\t<\/div>\n\t\t\t\t<div class=\"elementor-element elementor-element-d0a2184 elementor-widget elementor-widget-heading\" data-id=\"d0a2184\" data-element_type=\"widget\" data-widget_type=\"heading.default\">\n\t\t\t\t<div class=\"elementor-widget-container\">\n\t\t\t\t\t<div class=\"elementor-heading-title elementor-size-default\">Derni\u00e8re mise \u00e0 jour effectu\u00e9e le : 13\/01\/2026<\/div>\t\t\t\t<\/div>\n\t\t\t\t<\/div>\n\t\t\t\t\t<\/div>\n\t\t\t\t<\/div>\n\t\t<div class=\"elementor-element elementor-element-3467a61f e-flex e-con-boxed e-con e-parent\" data-id=\"3467a61f\" data-element_type=\"container\">\n\t\t\t\t\t<div class=\"e-con-inner\">\n\t\t\t\t<div class=\"elementor-element elementor-element-c7100b9 elementor-widget elementor-widget-heading\" data-id=\"c7100b9\" data-element_type=\"widget\" data-widget_type=\"heading.default\">\n\t\t\t\t<div class=\"elementor-widget-container\">\n\t\t\t\t\t<h2 class=\"elementor-heading-title elementor-size-default\"><h2><strong>Introduction<\/strong><span style=\"font-family: Montserrat, sans-serif;font-size: 3rem\"><\/span><\/h2><\/h2>\t\t\t\t<\/div>\n\t\t\t\t<\/div>\n\t\t\t\t<div class=\"elementor-element elementor-element-5463d40e elementor-widget elementor-widget-text-editor\" data-id=\"5463d40e\" data-element_type=\"widget\" data-widget_type=\"text-editor.default\">\n\t\t\t\t<div class=\"elementor-widget-container\">\n\t\t\t\t\t\t\t\t\t<p><span style=\"font-weight: 400;\">La pr\u00e9sente Politique de confidentialit\u00e9 d\u00e9crit la fa\u00e7on dont vos informations personnelles sont recueillies, utilis\u00e9es et partag\u00e9es lorsque vous vous rendez sur <\/span><a href=\"https:\/\/www.propreunion.com\"><span style=\"font-weight: 400;\">https:\/\/www.propreunion.com<\/span><\/a><span style=\"font-weight: 400;\">.<\/span><\/p>\t\t\t\t\t\t\t\t<\/div>\n\t\t\t\t<\/div>\n\t\t\t\t\t<\/div>\n\t\t\t\t<\/div>\n\t\t<div class=\"elementor-element elementor-element-33bcc41 e-flex e-con-boxed e-con e-parent\" data-id=\"33bcc41\" data-element_type=\"container\">\n\t\t\t\t\t<div class=\"e-con-inner\">\n\t\t\t\t<div class=\"elementor-element elementor-element-ba38c2b elementor-widget elementor-widget-heading\" data-id=\"ba38c2b\" data-element_type=\"widget\" data-widget_type=\"heading.default\">\n\t\t\t\t<div class=\"elementor-widget-container\">\n\t\t\t\t\t<h2 class=\"elementor-heading-title elementor-size-default\"><h2><strong>Qui Sommes-Nous ?<\/strong><span style=\"font-family: Montserrat, sans-serif;font-size: 3rem\"><\/span><\/h2><\/h2>\t\t\t\t<\/div>\n\t\t\t\t<\/div>\n\t\t\t\t<div class=\"elementor-element elementor-element-b67a147 elementor-widget elementor-widget-text-editor\" data-id=\"b67a147\" data-element_type=\"widget\" data-widget_type=\"text-editor.default\">\n\t\t\t\t<div class=\"elementor-widget-container\">\n\t\t\t\t\t\t\t\t\t<p><span style=\"font-weight: 400;\">L\u2019association <\/span><b>PropR\u00e9union<\/b><span style=\"font-weight: 400;\"> agit pour la protection de l\u2019environnement \u00e0 La R\u00e9union, \u00e0 travers des actions de sensibilisation, de ramassage de d\u00e9chets abandonn\u00e9s et de partenariats avec des \u00e9coles, collectivit\u00e9s et entreprises locales.<\/span><\/p><p><span style=\"font-weight: 400;\">Le site internet <\/span><a href=\"http:\/\/www.propreunion.com\"><b>www.propreunion.com<\/b><\/a><span style=\"font-weight: 400;\"> est le site officiel de l\u2019association.<\/span><\/p><p><span style=\"font-weight: 400;\">Contact : hello@propreunion.com<\/span><span style=\"font-weight: 400;\"><br \/><\/span><span style=\"font-weight: 400;\">Si\u00e8ge social : 14BIS rue Gibert des MOLI\u00c8RES, 97400, Saint-Denis, \u00cele de la R\u00e9union<\/span><\/p>\t\t\t\t\t\t\t\t<\/div>\n\t\t\t\t<\/div>\n\t\t\t\t\t<\/div>\n\t\t\t\t<\/div>\n\t\t<div class=\"elementor-element elementor-element-f14148c e-flex e-con-boxed e-con e-parent\" data-id=\"f14148c\" data-element_type=\"container\">\n\t\t\t\t\t<div class=\"e-con-inner\">\n\t\t\t\t<div class=\"elementor-element elementor-element-56a1f43 elementor-widget elementor-widget-heading\" data-id=\"56a1f43\" data-element_type=\"widget\" data-widget_type=\"heading.default\">\n\t\t\t\t<div class=\"elementor-widget-container\">\n\t\t\t\t\t<h2 class=\"elementor-heading-title elementor-size-default\"><h2><strong>Donn\u00e9es Personnelles Collect\u00e9es<\/strong><span style=\"font-family: Montserrat, sans-serif;font-size: 3rem\"><\/span><\/h2><\/h2>\t\t\t\t<\/div>\n\t\t\t\t<\/div>\n\t\t\t\t<div class=\"elementor-element elementor-element-e754548 elementor-widget elementor-widget-text-editor\" data-id=\"e754548\" data-element_type=\"widget\" data-widget_type=\"text-editor.default\">\n\t\t\t\t<div class=\"elementor-widget-container\">\n\t\t\t\t\t\t\t\t\t<p>\u00a0<span style=\"font-weight: 400;\">Lorsque vous utilisez le formulaire de contact du site, nous vous demandons les informations suivantes :<\/span><\/p><ul><li style=\"font-weight: 400;\" aria-level=\"1\"><span style=\"font-weight: 400;\">Nom<\/span><\/li><li style=\"font-weight: 400;\" aria-level=\"1\"><span style=\"font-weight: 400;\">Pr\u00e9nom<\/span><\/li><li style=\"font-weight: 400;\" aria-level=\"1\"><span style=\"font-weight: 400;\">Email<\/span><\/li><li style=\"font-weight: 400;\" aria-level=\"1\"><span style=\"font-weight: 400;\">Num\u00e9ro de t\u00e9l\u00e9phone<\/span><\/li><\/ul><p><span style=\"font-weight: 400;\">Ces donn\u00e9es sont collect\u00e9es directement par PropR\u00e9union et uniquement dans le but de <\/span><b>r\u00e9pondre \u00e0 votre demande<\/b><span style=\"font-weight: 400;\">. Elles <\/span><b>ne sont ni revendues ni utilis\u00e9es \u00e0 des fins commerciales<\/b><span style=\"font-weight: 400;\">.<\/span><\/p>\t\t\t\t\t\t\t\t<\/div>\n\t\t\t\t<\/div>\n\t\t\t\t\t<\/div>\n\t\t\t\t<\/div>\n\t\t<div class=\"elementor-element elementor-element-a953e01 e-flex e-con-boxed e-con e-parent\" data-id=\"a953e01\" data-element_type=\"container\">\n\t\t\t\t\t<div class=\"e-con-inner\">\n\t\t\t\t<div class=\"elementor-element elementor-element-e565240 elementor-widget elementor-widget-heading\" data-id=\"e565240\" data-element_type=\"widget\" data-widget_type=\"heading.default\">\n\t\t\t\t<div class=\"elementor-widget-container\">\n\t\t\t\t\t<h2 class=\"elementor-heading-title elementor-size-default\"><h2><strong>Stockage et dur\u00e9e de conservation<\/strong><span style=\"font-family: Montserrat, sans-serif;font-size: 3rem\"><\/span><\/h2><\/h2>\t\t\t\t<\/div>\n\t\t\t\t<\/div>\n\t\t\t\t<div class=\"elementor-element elementor-element-33a3fcf elementor-widget elementor-widget-text-editor\" data-id=\"33a3fcf\" data-element_type=\"widget\" data-widget_type=\"text-editor.default\">\n\t\t\t\t<div class=\"elementor-widget-container\">\n\t\t\t\t\t\t\t\t\t<p><span style=\"font-weight: 400;\">Les donn\u00e9es saisies via le formulaire de contact sont <\/span><b>transmises directement par email<\/b><span style=\"font-weight: 400;\"> \u00e0 l\u2019association. Elles <\/span><b>ne sont pas enregistr\u00e9es dans une base de donn\u00e9es<\/b><span style=\"font-weight: 400;\"> sur le site.<\/span><\/p><p><span style=\"font-weight: 400;\">Nous conservons ces donn\u00e9es uniquement le temps n\u00e9cessaire pour traiter votre demande, sauf si une obligation l\u00e9gale impose une dur\u00e9e plus longue.<\/span><\/p>\t\t\t\t\t\t\t\t<\/div>\n\t\t\t\t<\/div>\n\t\t\t\t\t<\/div>\n\t\t\t\t<\/div>\n\t\t<div class=\"elementor-element elementor-element-7020c79 e-flex e-con-boxed e-con e-parent\" data-id=\"7020c79\" data-element_type=\"container\">\n\t\t\t\t\t<div class=\"e-con-inner\">\n\t\t\t\t<div class=\"elementor-element elementor-element-b684de1 elementor-widget elementor-widget-heading\" data-id=\"b684de1\" data-element_type=\"widget\" data-widget_type=\"heading.default\">\n\t\t\t\t<div class=\"elementor-widget-container\">\n\t\t\t\t\t<h2 class=\"elementor-heading-title elementor-size-default\"><h2><strong>Cookies<\/strong><span style=\"font-family: Montserrat, sans-serif;font-size: 3rem\"><\/span><\/h2><\/h2>\t\t\t\t<\/div>\n\t\t\t\t<\/div>\n\t\t\t\t<div class=\"elementor-element elementor-element-6388fbb elementor-widget elementor-widget-text-editor\" data-id=\"6388fbb\" data-element_type=\"widget\" data-widget_type=\"text-editor.default\">\n\t\t\t\t<div class=\"elementor-widget-container\">\n\t\t\t\t\t\t\t\t\t<p><span style=\"font-weight: 400;\">Le site peut utiliser des cookies techniques n\u00e9cessaires \u00e0 son bon fonctionnement (mise en page, langue, pr\u00e9f\u00e9rences&#8230;).<\/span><span style=\"font-weight: 400;\"><br \/><\/span><span style=\"font-weight: 400;\"> Aucune analyse statistique ni publicit\u00e9 personnalis\u00e9e n\u2019est effectu\u00e9e.<\/span><\/p>\t\t\t\t\t\t\t\t<\/div>\n\t\t\t\t<\/div>\n\t\t\t\t\t<\/div>\n\t\t\t\t<\/div>\n\t\t<div class=\"elementor-element elementor-element-f52cbe8 e-flex e-con-boxed e-con e-parent\" data-id=\"f52cbe8\" data-element_type=\"container\">\n\t\t\t\t\t<div class=\"e-con-inner\">\n\t\t\t\t<div class=\"elementor-element elementor-element-22990ae elementor-widget elementor-widget-heading\" data-id=\"22990ae\" data-element_type=\"widget\" data-widget_type=\"heading.default\">\n\t\t\t\t<div class=\"elementor-widget-container\">\n\t\t\t\t\t<h2 class=\"elementor-heading-title elementor-size-default\"><h2><strong>Vos droits<\/strong><span style=\"font-family: Montserrat, sans-serif;font-size: 3rem\"><\/span><\/h2><\/h2>\t\t\t\t<\/div>\n\t\t\t\t<\/div>\n\t\t\t\t<div class=\"elementor-element elementor-element-8bca78b elementor-widget elementor-widget-text-editor\" data-id=\"8bca78b\" data-element_type=\"widget\" data-widget_type=\"text-editor.default\">\n\t\t\t\t<div class=\"elementor-widget-container\">\n\t\t\t\t\t\t\t\t\t<p><span style=\"font-weight: 400;\">Conform\u00e9ment au <\/span><b>R\u00e8glement G\u00e9n\u00e9ral sur la Protection des Donn\u00e9es (RGPD)<\/b><span style=\"font-weight: 400;\">, vous disposez de plusieurs droits concernant les donn\u00e9es personnelles que vous nous confiez. Nous nous engageons \u00e0 respecter ces droits et \u00e0 faciliter leur exercice.<\/span><\/p>\t\t\t\t\t\t\t\t<\/div>\n\t\t\t\t<\/div>\n\t\t\t\t<div class=\"elementor-element elementor-element-66635ff elementor-widget elementor-widget-text-editor\" data-id=\"66635ff\" data-element_type=\"widget\" data-widget_type=\"text-editor.default\">\n\t\t\t\t<div class=\"elementor-widget-container\">\n\t\t\t\t\t\t\t\t\t<h3><span style=\"font-weight: 400;\">Droit d\u2019acc\u00e8s<\/span><\/h3><p><span style=\"font-weight: 400;\">Vous avez le droit de savoir si nous d\u00e9tenons des donn\u00e9es vous concernant, et si oui, de recevoir une copie des donn\u00e9es personnelles que nous avons en notre possession.<\/span><\/p>\t\t\t\t\t\t\t\t<\/div>\n\t\t\t\t<\/div>\n\t\t\t\t<div class=\"elementor-element elementor-element-96b37f5 elementor-widget elementor-widget-text-editor\" data-id=\"96b37f5\" data-element_type=\"widget\" data-widget_type=\"text-editor.default\">\n\t\t\t\t<div class=\"elementor-widget-container\">\n\t\t\t\t\t\t\t\t\t<h3><strong>Droit de rectification<\/strong><\/h3><p><span style=\"font-weight: 400;\">Si certaines informations sont inexactes, obsol\u00e8tes ou incompl\u00e8tes, vous pouvez demander \u00e0 ce qu\u2019elles soient corrig\u00e9es.<\/span><\/p>\t\t\t\t\t\t\t\t<\/div>\n\t\t\t\t<\/div>\n\t\t\t\t<div class=\"elementor-element elementor-element-950fa57 elementor-widget elementor-widget-text-editor\" data-id=\"950fa57\" data-element_type=\"widget\" data-widget_type=\"text-editor.default\">\n\t\t\t\t<div class=\"elementor-widget-container\">\n\t\t\t\t\t\t\t\t\t<h3><strong>Droit de l&rsquo;effacement (\u00ab\u00a0droit \u00e0 l&rsquo;oubli\u00a0\u00bb)<\/strong><\/h3><p><span style=\"font-weight: 400;\">Vous pouvez demander la suppression de vos donn\u00e9es personnelles dans certains cas, notamment si elles ne sont plus n\u00e9cessaires au regard des finalit\u00e9s pour lesquelles elles ont \u00e9t\u00e9 collect\u00e9es, ou si vous retirez votre consentement.<\/span><\/p>\t\t\t\t\t\t\t\t<\/div>\n\t\t\t\t<\/div>\n\t\t\t\t<div class=\"elementor-element elementor-element-7b44295 elementor-widget elementor-widget-text-editor\" data-id=\"7b44295\" data-element_type=\"widget\" data-widget_type=\"text-editor.default\">\n\t\t\t\t<div class=\"elementor-widget-container\">\n\t\t\t\t\t\t\t\t\t<h3><strong>Droit \u00e0 la limitation du traitement<\/strong><\/h3><p><span style=\"font-weight: 400;\">Vous pouvez nous demander de suspendre temporairement l\u2019utilisation de vos donn\u00e9es, par exemple si vous contestez leur exactitude ou si vous en avez besoin pour faire valoir un droit en justice.<\/span><\/p>\t\t\t\t\t\t\t\t<\/div>\n\t\t\t\t<\/div>\n\t\t\t\t<div class=\"elementor-element elementor-element-7710d86 elementor-widget elementor-widget-text-editor\" data-id=\"7710d86\" data-element_type=\"widget\" data-widget_type=\"text-editor.default\">\n\t\t\t\t<div class=\"elementor-widget-container\">\n\t\t\t\t\t\t\t\t\t<h3><strong>Droit d&rsquo;opposition<\/strong><\/h3><p><span style=\"font-weight: 400;\">Vous avez le droit de vous opposer, \u00e0 tout moment, au traitement de vos donn\u00e9es personnelles, sauf si ce traitement repose sur une obligation l\u00e9gale.<\/span><\/p><p><span style=\"font-weight: 400;\">Pour exercer vos droits, contactez-nous via l\u2019adresse mail suivante : <\/span><span style=\"text-decoration: underline;\"><span style=\"font-weight: 400;\">hello@propreunion.com<\/span><\/span><\/p>\t\t\t\t\t\t\t\t<\/div>\n\t\t\t\t<\/div>\n\t\t\t\t\t<\/div>\n\t\t\t\t<\/div>\n\t\t<div class=\"elementor-element elementor-element-8e1fc91 e-flex e-con-boxed e-con e-parent\" data-id=\"8e1fc91\" data-element_type=\"container\">\n\t\t\t\t\t<div class=\"e-con-inner\">\n\t\t\t\t<div class=\"elementor-element elementor-element-e9c20b8 elementor-widget elementor-widget-heading\" data-id=\"e9c20b8\" data-element_type=\"widget\" data-widget_type=\"heading.default\">\n\t\t\t\t<div class=\"elementor-widget-container\">\n\t\t\t\t\t<h2 class=\"elementor-heading-title elementor-size-default\"><h2><strong>Services Tiers<\/strong><span style=\"font-family: Montserrat, sans-serif;font-size: 3rem\"><\/span><\/h2><\/h2>\t\t\t\t<\/div>\n\t\t\t\t<\/div>\n\t\t\t\t<div class=\"elementor-element elementor-element-dd0a4f7 elementor-widget elementor-widget-text-editor\" data-id=\"dd0a4f7\" data-element_type=\"widget\" data-widget_type=\"text-editor.default\">\n\t\t\t\t<div class=\"elementor-widget-container\">\n\t\t\t\t\t\t\t\t\t<p><span style=\"font-weight: 400;\">PropR\u00e9union fait appel \u00e0 certains services tiers afin d&rsquo;am\u00e9liorer votre exp\u00e9rience sur le site. Ces services, dans le cadre de leur fonctionnement, peuvent \u00eatre amen\u00e9s \u00e0 collecter certaines de vos donn\u00e9es personnelles.<\/span><\/p><p><b>HelloAsso<\/b><\/p><p><span style=\"font-weight: 400;\">Nous utilisons HelloAsso pour simplifier la gestion des dons et des adh\u00e9sions, ainsi que pour g\u00e9n\u00e9rer automatiquement des re\u00e7us fiscaux. Les donn\u00e9es que vous nous partagez ne sont jamais utilis\u00e9es \u00e0 des fins commerciales ou publicitaires.<\/span><\/p>\t\t\t\t\t\t\t\t<\/div>\n\t\t\t\t<\/div>\n\t\t\t\t\t<\/div>\n\t\t\t\t<\/div>\n\t\t<div class=\"elementor-element elementor-element-9d67fd4 e-flex e-con-boxed e-con e-parent\" data-id=\"9d67fd4\" data-element_type=\"container\">\n\t\t\t\t\t<div class=\"e-con-inner\">\n\t\t\t\t<div class=\"elementor-element elementor-element-f8f19fc elementor-widget elementor-widget-heading\" data-id=\"f8f19fc\" data-element_type=\"widget\" data-widget_type=\"heading.default\">\n\t\t\t\t<div class=\"elementor-widget-container\">\n\t\t\t\t\t<h2 class=\"elementor-heading-title elementor-size-default\"><h2><strong>H\u00e9bergement<\/strong><span style=\"font-family: Montserrat, sans-serif;font-size: 3rem\"><\/span><\/h2><\/h2>\t\t\t\t<\/div>\n\t\t\t\t<\/div>\n\t\t\t\t<div class=\"elementor-element elementor-element-a17b7b8 elementor-widget elementor-widget-text-editor\" data-id=\"a17b7b8\" data-element_type=\"widget\" data-widget_type=\"text-editor.default\">\n\t\t\t\t<div class=\"elementor-widget-container\">\n\t\t\t\t\t\t\t\t\t<p><span style=\"font-weight: 400;\">Le site est h\u00e9berg\u00e9 par :<\/span><span style=\"font-weight: 400;\"><br \/><\/span><span style=\"font-weight: 400;\">OVH<\/span> <b><br \/><\/b><span style=\"font-weight: 400;\">2, rue Kellermann, 59100 Roubaix<\/span><span style=\"font-weight: 400;\">.<\/span><span style=\"font-weight: 400;\"><br \/><\/span><span style=\"font-weight: 400;\"><br \/><\/span><span style=\"font-weight: 400;\">Les donn\u00e9es du site sont stock\u00e9es sur des serveurs situ\u00e9s en France ou dans l\u2019Union Europ\u00e9enne.<\/span><\/p>\t\t\t\t\t\t\t\t<\/div>\n\t\t\t\t<\/div>\n\t\t\t\t\t<\/div>\n\t\t\t\t<\/div>\n\t\t<div class=\"elementor-element elementor-element-381e736 e-flex e-con-boxed e-con e-parent\" data-id=\"381e736\" data-element_type=\"container\">\n\t\t\t\t\t<div class=\"e-con-inner\">\n\t\t\t\t<div class=\"elementor-element elementor-element-b908f0c elementor-widget elementor-widget-text-editor\" data-id=\"b908f0c\" data-element_type=\"widget\" data-widget_type=\"text-editor.default\">\n\t\t\t\t<div class=\"elementor-widget-container\">\n\t\t\t\t\t\t\t\t\t<h3><strong>Mise \u00e0 jour de cette politique<\/strong><\/h3><p><span style=\"font-weight: 400;\">Cette politique de confidentialit\u00e9 peut \u00eatre mise \u00e0 jour \u00e0 tout moment, notamment pour se conformer \u00e0 d\u2019\u00e9ventuelles \u00e9volutions l\u00e9gales. Nous vous invitons \u00e0 la consulter r\u00e9guli\u00e8rement.<\/span><\/p>\t\t\t\t\t\t\t\t<\/div>\n\t\t\t\t<\/div>\n\t\t\t\t\t<\/div>\n\t\t\t\t<\/div>\n\t\t\t\t<\/div>\n\t\t","protected":false},"excerpt":{"rendered":"<p>Politique de Confidentialit\u00e9 Derni\u00e8re mise \u00e0 jour effectu\u00e9e le : 13\/01\/2026 Introduction La pr\u00e9sente Politique de confidentialit\u00e9 d\u00e9crit la fa\u00e7on dont vos informations personnelles sont recueillies, utilis\u00e9es et partag\u00e9es lorsque vous vous rendez sur https:\/\/www.propreunion.com. Qui Sommes-Nous ? L\u2019association PropR\u00e9union agit pour la protection de l\u2019environnement \u00e0 La R\u00e9union, \u00e0 travers des actions de sensibilisation, [&hellip;]<\/p>\n","protected":false},"author":1,"featured_media":0,"parent":0,"menu_order":0,"comment_status":"closed","ping_status":"open","template":"","meta":{"_acf_changed":false,"inline_featured_image":false,"footnotes":""},"class_list":["post-3","page","type-page","status-publish","hentry"],"acf":[],"_links":{"self":[{"href":"https:\/\/propreunion.com\/index.php\/wp-json\/wp\/v2\/pages\/3","targetHints":{"allow":["GET"]}}],"collection":[{"href":"https:\/\/propreunion.com\/index.php\/wp-json\/wp\/v2\/pages"}],"about":[{"href":"https:\/\/propreunion.com\/index.php\/wp-json\/wp\/v2\/types\/page"}],"author":[{"embeddable":true,"href":"https:\/\/propreunion.com\/index.php\/wp-json\/wp\/v2\/users\/1"}],"replies":[{"embeddable":true,"href":"https:\/\/propreunion.com\/index.php\/wp-json\/wp\/v2\/comments?post=3"}],"version-history":[{"count":15,"href":"https:\/\/propreunion.com\/index.php\/wp-json\/wp\/v2\/pages\/3\/revisions"}],"predecessor-version":[{"id":15930,"href":"https:\/\/propreunion.com\/index.php\/wp-json\/wp\/v2\/pages\/3\/revisions\/15930"}],"wp:attachment":[{"href":"https:\/\/propreunion.com\/index.php\/wp-json\/wp\/v2\/media?parent=3"}],"curies":[{"name":"wp","href":"https:\/\/api.w.org\/{rel}","templated":true}]}}